{"id":471,"date":"2025-03-08T21:59:52","date_gmt":"2025-03-08T21:59:52","guid":{"rendered":"https:\/\/streamlinemaster.shop\/pay\/?post_type=product&#038;p=471"},"modified":"2025-10-05T14:19:57","modified_gmt":"2025-10-05T14:19:57","slug":"popular-package-12-mois-2d","status":"publish","type":"product","link":"https:\/\/streamlinemaster.shop\/pay\/product\/popular-package-12-mois-2d\/","title":{"rendered":"POPULAR PACKAGE &#8211; 12 MOIS 2D"},"content":{"rendered":"<div class=\"wp-block-post-excerpt\">\n<p class=\"wp-block-post-excerpt__excerpt\">Ma\u00eetrise du marketing par e-mail : Pack 12 mois Lib\u00e9rez tout le potentiel de vos efforts de marketing par e-mail avec notre Pack \u2013 une feuille de route d&#8217;un an vers l&#8217;excellence num\u00e9rique durable. Principales fonctionnalit\u00e9s : Gestion dynamique des liens : guidez l&#8217;engagement des utilisateurs avec pr\u00e9cision et flexibilit\u00e9. Suite Analytics avanc\u00e9e : plongez en profondeur dans les performances des campagnes pour un affinement strat\u00e9gique. Assistance par chat prioritaire 24h\/24 et 7j\/7\u2026<\/p>\n<\/div>\n<p>&nbsp;<\/p>\n","protected":false},"excerpt":{"rendered":"<div class=\"wp-block-post-excerpt\">\n<p class=\"wp-block-post-excerpt__excerpt\">Ma\u00eetrise du marketing par e-mail\u00a0: Pack 12 mois Lib\u00e9rez tout le potentiel de vos efforts de marketing par e-mail avec notre Pack<\/p>\n<\/div>\n","protected":false},"featured_media":0,"comment_status":"open","ping_status":"closed","template":"","meta":[],"product_brand":[],"product_cat":[15],"product_tag":[],"class_list":{"0":"post-471","1":"product","2":"type-product","3":"status-publish","5":"product_cat-plans","7":"first","8":"instock","9":"shipping-taxable","10":"purchasable","11":"product-type-simple"},"_links":{"self":[{"href":"https:\/\/streamlinemaster.shop\/pay\/wp-json\/wp\/v2\/product\/471","targetHints":{"allow":["GET"]}}],"collection":[{"href":"https:\/\/streamlinemaster.shop\/pay\/wp-json\/wp\/v2\/product"}],"about":[{"href":"https:\/\/streamlinemaster.shop\/pay\/wp-json\/wp\/v2\/types\/product"}],"replies":[{"embeddable":true,"href":"https:\/\/streamlinemaster.shop\/pay\/wp-json\/wp\/v2\/comments?post=471"}],"wp:attachment":[{"href":"https:\/\/streamlinemaster.shop\/pay\/wp-json\/wp\/v2\/media?parent=471"}],"wp:term":[{"taxonomy":"product_brand","embeddable":true,"href":"https:\/\/streamlinemaster.shop\/pay\/wp-json\/wp\/v2\/product_brand?post=471"},{"taxonomy":"product_cat","embeddable":true,"href":"https:\/\/streamlinemaster.shop\/pay\/wp-json\/wp\/v2\/product_cat?post=471"},{"taxonomy":"product_tag","embeddable":true,"href":"https:\/\/streamlinemaster.shop\/pay\/wp-json\/wp\/v2\/product_tag?post=471"}],"curies":[{"name":"wp","href":"https:\/\/api.w.org\/{rel}","templated":true}]}}