{"id":465,"date":"2025-03-08T21:31:03","date_gmt":"2025-03-08T21:31:03","guid":{"rendered":"https:\/\/streamlinemaster.shop\/pay\/?post_type=product&#038;p=465"},"modified":"2025-10-05T14:05:05","modified_gmt":"2025-10-05T14:05:05","slug":"basic-package-3-mois-2d","status":"publish","type":"product","link":"https:\/\/streamlinemaster.shop\/pay\/product\/basic-package-3-mois-2d\/","title":{"rendered":"BASIC PACKAGE &#8211; 3 MOIS 2D"},"content":{"rendered":"<p>Ma\u00eetrise du Marketing par Email : pack 3 Mois Lib\u00e9rez tout le potentiel de vos efforts de marketing par email avec notre Plan Standard &#8211; une feuille de route de six mois vers l&#8217;excellence num\u00e9rique durable. Caract\u00e9ristiques Cl\u00e9s : Gestion Dynamique des Liens : Guidez l&#8217;engagement des utilisateurs avec pr\u00e9cision et flexibilit\u00e9. Suite d&#8217;Analytics Avanc\u00e9e : Plongez profond\u00e9ment dans les performances des campagnes pour un affinage strat\u00e9gique. Support par Chat Prioritaire 24\/7:&#8230;<\/p>\n","protected":false},"excerpt":{"rendered":"<p>Ma\u00eetrise du Marketing par Email : PACK 3 MOIS Lib\u00e9rez tout le potentiel de vos efforts de marketing par email avec notre pack<\/p>\n","protected":false},"featured_media":6,"comment_status":"open","ping_status":"closed","template":"","meta":[],"product_brand":[],"product_cat":[15],"product_tag":[],"class_list":{"0":"post-465","1":"product","2":"type-product","3":"status-publish","4":"has-post-thumbnail","6":"product_cat-plans","8":"first","9":"instock","10":"shipping-taxable","11":"purchasable","12":"product-type-simple"},"_links":{"self":[{"href":"https:\/\/streamlinemaster.shop\/pay\/wp-json\/wp\/v2\/product\/465","targetHints":{"allow":["GET"]}}],"collection":[{"href":"https:\/\/streamlinemaster.shop\/pay\/wp-json\/wp\/v2\/product"}],"about":[{"href":"https:\/\/streamlinemaster.shop\/pay\/wp-json\/wp\/v2\/types\/product"}],"replies":[{"embeddable":true,"href":"https:\/\/streamlinemaster.shop\/pay\/wp-json\/wp\/v2\/comments?post=465"}],"wp:featuredmedia":[{"embeddable":true,"href":"https:\/\/streamlinemaster.shop\/pay\/wp-json\/wp\/v2\/media\/6"}],"wp:attachment":[{"href":"https:\/\/streamlinemaster.shop\/pay\/wp-json\/wp\/v2\/media?parent=465"}],"wp:term":[{"taxonomy":"product_brand","embeddable":true,"href":"https:\/\/streamlinemaster.shop\/pay\/wp-json\/wp\/v2\/product_brand?post=465"},{"taxonomy":"product_cat","embeddable":true,"href":"https:\/\/streamlinemaster.shop\/pay\/wp-json\/wp\/v2\/product_cat?post=465"},{"taxonomy":"product_tag","embeddable":true,"href":"https:\/\/streamlinemaster.shop\/pay\/wp-json\/wp\/v2\/product_tag?post=465"}],"curies":[{"name":"wp","href":"https:\/\/api.w.org\/{rel}","templated":true}]}}