{"id":463,"date":"2025-03-08T21:28:35","date_gmt":"2025-03-08T21:28:35","guid":{"rendered":"https:\/\/streamlinemaster.shop\/pay\/?post_type=product&#038;p=463"},"modified":"2025-10-05T13:54:08","modified_gmt":"2025-10-05T13:54:08","slug":"trial-package-1-mois-3d","status":"publish","type":"product","link":"https:\/\/streamlinemaster.shop\/pay\/product\/trial-package-1-mois-3d\/","title":{"rendered":"TRIAL PACKAGE 1MONTH 3D GET"},"content":{"rendered":"<div class=\"wp-block-post-excerpt\">\n<p class=\"wp-block-post-excerpt__excerpt\">Boostez la puissance de votre marketing par e-mail avec notre Pack d&#8217;un Mois &#8211; la solution ultime pour les entreprises d\u00e9sireuses de dominer l&#8217;espace num\u00e9rique. Avantages Cl\u00e9s : Liens Limit\u00e9s : Favorisez l&#8217;engagement cibl\u00e9 et augmentez les taux de conversion. Plateforme d&#8217;Analytics Propre : Prenez des d\u00e9cisions \u00e9clair\u00e9es gr\u00e2ce aux insights de campagne en temps r\u00e9el. Support par Chat : Obtenez une assistance rapide pour vos besoins.<\/p>\n<\/div>\n","protected":false},"excerpt":{"rendered":"<p>Boostez la puissance de votre marketing par e-mail avec notre Pack 1 Mois.<\/p>\n","protected":false},"featured_media":0,"comment_status":"open","ping_status":"closed","template":"","meta":[],"product_brand":[],"product_cat":[15],"product_tag":[],"class_list":{"0":"post-463","1":"product","2":"type-product","3":"status-publish","5":"product_cat-plans","7":"first","8":"instock","9":"shipping-taxable","10":"purchasable","11":"product-type-simple"},"_links":{"self":[{"href":"https:\/\/streamlinemaster.shop\/pay\/wp-json\/wp\/v2\/product\/463","targetHints":{"allow":["GET"]}}],"collection":[{"href":"https:\/\/streamlinemaster.shop\/pay\/wp-json\/wp\/v2\/product"}],"about":[{"href":"https:\/\/streamlinemaster.shop\/pay\/wp-json\/wp\/v2\/types\/product"}],"replies":[{"embeddable":true,"href":"https:\/\/streamlinemaster.shop\/pay\/wp-json\/wp\/v2\/comments?post=463"}],"wp:attachment":[{"href":"https:\/\/streamlinemaster.shop\/pay\/wp-json\/wp\/v2\/media?parent=463"}],"wp:term":[{"taxonomy":"product_brand","embeddable":true,"href":"https:\/\/streamlinemaster.shop\/pay\/wp-json\/wp\/v2\/product_brand?post=463"},{"taxonomy":"product_cat","embeddable":true,"href":"https:\/\/streamlinemaster.shop\/pay\/wp-json\/wp\/v2\/product_cat?post=463"},{"taxonomy":"product_tag","embeddable":true,"href":"https:\/\/streamlinemaster.shop\/pay\/wp-json\/wp\/v2\/product_tag?post=463"}],"curies":[{"name":"wp","href":"https:\/\/api.w.org\/{rel}","templated":true}]}}